{"id":109,"date":"2012-09-12T07:17:32","date_gmt":"2012-09-12T07:17:32","guid":{"rendered":"http:\/\/html.orange-idea.com\/commander\/?page_id=109"},"modified":"2026-03-24T23:34:50","modified_gmt":"2026-03-25T04:34:50","slug":"innovation-dental-clinic-medellin","status":"publish","type":"page","link":"https:\/\/localseomedia.com\/en\/innovation-dental-clinic-medellin\/","title":{"rendered":"Innovation"},"content":{"rendered":"<div class=\"et_pb_section_0 et_pb_section et_section_regular et_block_section preset--module--divi-section--default\">\n<div class=\"et_pb_row_0 et_pb_row et_block_row preset--module--divi-row--default\">\n<div class=\"et_pb_column_0 et_pb_column et_pb_column_4_4 et-last-child et_block_column et_pb_css_mix_blend_mode_passthrough\">\n<div class=\"et_pb_text_0 et_pb_text et_pb_bg_layout_light et_pb_module et_block_module preset--module--divi-text--default\"><div class=\"et_pb_text_inner\"><p>Contamos con unos de <strong>los mejores equipos odontol\u00f3gicos<\/strong>\u00a0en el \u00e1mbito mundial y con tecnolog\u00edas avanzadas para realizar con \u00e9xito los procedimientos en nuestra\u00a0<strong>Cl\u00ednica Dental en Colombia<\/strong>, brind\u00e1ndole a nuestros pacientes una experiencia confortable, segura y cercana.<\/p>\n<\/div><\/div>\n<\/div>\n<\/div>\n\n<div class=\"et_pb_row_1 et_pb_row et_grid_row preset--module--divi-row--default\"><div class=\"et_pb_column_1 et_pb_column et_grid_column et_pb_css_mix_blend_mode_passthrough\" data-loop-item=\"0\">\n<div class=\"et_pb_image_0 et_pb_image et_pb_module et_grid_module\"><a href=\"https:\/\/localseomedia.com\/en\/project\/demi-kerr-curing-lamp-smile-design-medellin\/\" class=\"img-innova-grid\"><span class=\"et_pb_image_wrap\"><img loading=\"lazy\" decoding=\"async\" src=\"https:\/\/localseomedia.com\/en\/wp-content\/uploads\/sites\/5\/2026\/03\/Demi-Kerr-Curing-Lamp.jpg\" alt=\"Demi-Kerr Curing Lamp\" title=\"Demi-Kerr Curing Lamp\" width=\"770\" height=\"513\" srcset=\"https:\/\/localseomedia.com\/en\/wp-content\/uploads\/sites\/5\/2026\/03\/Demi-Kerr-Curing-Lamp.jpg 770w, https:\/\/localseomedia.com\/en\/wp-content\/uploads\/sites\/5\/2026\/03\/Demi-Kerr-Curing-Lamp-480x320.jpg 480w\" sizes=\"(min-width: 0px) and (max-width: 480px) 480px, (min-width: 481px) 770px, 100vw\" class=\"wp-image-785278 img-innova-grid\" \/><\/span><\/a><\/div>\n\n<div class=\"et_pb_heading_0 et_pb_heading et_clickable et_pb_module et_flex_module preset--module--divi-heading--default\"><div class=\"et_pb_heading_container\"><h2 class=\"et_pb_module_header\">Demi-Kerr Curing Lamp<\/h2><\/div><\/div>\n<\/div><div class=\"et_pb_column_2 et_pb_column et_grid_column et_pb_css_mix_blend_mode_passthrough\" data-loop-item=\"1\">\n<div class=\"et_pb_image_1 et_pb_image et_pb_module et_grid_module\"><a href=\"https:\/\/localseomedia.com\/en\/project\/cad-cam-technology-for-dental-crowns-medellin\/\" class=\"img-innova-grid\"><span class=\"et_pb_image_wrap\"><img loading=\"lazy\" decoding=\"async\" src=\"https:\/\/localseomedia.com\/en\/wp-content\/uploads\/sites\/5\/2026\/03\/cad-cam-technology-for-crowns.jpg\" alt=\"cad cam technology for crowns\" title=\"cad cam technology for crowns\" width=\"770\" height=\"513\" srcset=\"https:\/\/localseomedia.com\/en\/wp-content\/uploads\/sites\/5\/2026\/03\/cad-cam-technology-for-crowns.jpg 770w, https:\/\/localseomedia.com\/en\/wp-content\/uploads\/sites\/5\/2026\/03\/cad-cam-technology-for-crowns-480x320.jpg 480w\" sizes=\"(min-width: 0px) and (max-width: 480px) 480px, (min-width: 481px) 770px, 100vw\" class=\"wp-image-785305 img-innova-grid\" \/><\/span><\/a><\/div>\n\n<div class=\"et_pb_heading_1 et_pb_heading et_clickable et_pb_module et_flex_module preset--module--divi-heading--default\"><div class=\"et_pb_heading_container\"><h2 class=\"et_pb_module_header\">Cad Cam Technology for Crowns<\/h2><\/div><\/div>\n<\/div><div class=\"et_pb_column_3 et_pb_column et_grid_column et_pb_css_mix_blend_mode_passthrough\" data-loop-item=\"2\">\n<div class=\"et_pb_image_2 et_pb_image et_pb_module et_grid_module\"><a href=\"https:\/\/localseomedia.com\/en\/project\/conscious-sedation-equipment\/\" class=\"img-innova-grid\"><span class=\"et_pb_image_wrap\"><img loading=\"lazy\" decoding=\"async\" src=\"https:\/\/localseomedia.com\/en\/wp-content\/uploads\/sites\/5\/2026\/03\/Conscious-sedation-equipment-with-nitrous-oxide-for-relaxing-dentistry.jpg\" alt=\"Conscious sedation equipment with nitrous oxide for relaxing dentistry\" title=\"Conscious sedation equipment with nitrous oxide for relaxing dentistry\" width=\"800\" height=\"533\" srcset=\"https:\/\/localseomedia.com\/en\/wp-content\/uploads\/sites\/5\/2026\/03\/Conscious-sedation-equipment-with-nitrous-oxide-for-relaxing-dentistry.jpg 800w, https:\/\/localseomedia.com\/en\/wp-content\/uploads\/sites\/5\/2026\/03\/Conscious-sedation-equipment-with-nitrous-oxide-for-relaxing-dentistry-480x320.jpg 480w\" sizes=\"(min-width: 0px) and (max-width: 480px) 480px, (min-width: 481px) 800px, 100vw\" class=\"wp-image-785353 img-innova-grid\" \/><\/span><\/a><\/div>\n\n<div class=\"et_pb_heading_2 et_pb_heading et_clickable et_pb_module et_flex_module preset--module--divi-heading--default\"><div class=\"et_pb_heading_container\"><h2 class=\"et_pb_module_header\">Conscious sedation equipment<\/h2><\/div><\/div>\n<\/div><div class=\"et_pb_column_4 et_pb_column et_grid_column et_pb_css_mix_blend_mode_passthrough\" data-loop-item=\"3\">\n<div class=\"et_pb_image_3 et_pb_image et_pb_module et_grid_module\"><a href=\"https:\/\/localseomedia.com\/en\/project\/prophymate-or-prophijet-dental-cleaning-medellin\/\" class=\"img-innova-grid\"><span class=\"et_pb_image_wrap\"><img loading=\"lazy\" decoding=\"async\" src=\"https:\/\/localseomedia.com\/en\/wp-content\/uploads\/sites\/5\/2026\/03\/prophy-mate-device-for-dental-cleaning.jpg\" alt=\"prophy mate device for dental cleaning\" title=\"prophy-mate-device for dental cleaning\" width=\"770\" height=\"493\" srcset=\"https:\/\/localseomedia.com\/en\/wp-content\/uploads\/sites\/5\/2026\/03\/prophy-mate-device-for-dental-cleaning.jpg 770w, https:\/\/localseomedia.com\/en\/wp-content\/uploads\/sites\/5\/2026\/03\/prophy-mate-device-for-dental-cleaning-480x307.jpg 480w\" sizes=\"(min-width: 0px) and (max-width: 480px) 480px, (min-width: 481px) 770px, 100vw\" class=\"wp-image-785349 img-innova-grid\" \/><\/span><\/a><\/div>\n\n<div class=\"et_pb_heading_3 et_pb_heading et_clickable et_pb_module et_flex_module preset--module--divi-heading--default\"><div class=\"et_pb_heading_container\"><h2 class=\"et_pb_module_header\">Prophy-Mate or prophijet<\/h2><\/div><\/div>\n<\/div><div class=\"et_pb_column_5 et_pb_column et_grid_column et_pb_css_mix_blend_mode_passthrough\" data-loop-item=\"4\">\n<div class=\"et_pb_image_4 et_pb_image et_pb_module et_grid_module\"><a href=\"https:\/\/localseomedia.com\/en\/project\/electronic-dental-units-dental-clinics-medellin\/\" class=\"img-innova-grid\"><span class=\"et_pb_image_wrap\"><img loading=\"lazy\" decoding=\"async\" src=\"https:\/\/localseomedia.com\/en\/wp-content\/uploads\/sites\/5\/2026\/03\/Electronic-Dental-Units-in-medellin-el-poblado-laureles-unicentro.jpg\" alt=\"Electronic Dental Units in medellin el poblado laureles unicentro\" title=\"Electronic Dental Units in medellin el poblado laureles unicentro\" width=\"770\" height=\"454\" srcset=\"https:\/\/localseomedia.com\/en\/wp-content\/uploads\/sites\/5\/2026\/03\/Electronic-Dental-Units-in-medellin-el-poblado-laureles-unicentro.jpg 770w, https:\/\/localseomedia.com\/en\/wp-content\/uploads\/sites\/5\/2026\/03\/Electronic-Dental-Units-in-medellin-el-poblado-laureles-unicentro-480x283.jpg 480w\" sizes=\"(min-width: 0px) and (max-width: 480px) 480px, (min-width: 481px) 770px, 100vw\" class=\"wp-image-785340 img-innova-grid\" \/><\/span><\/a><\/div>\n\n<div class=\"et_pb_heading_4 et_pb_heading et_clickable et_pb_module et_flex_module preset--module--divi-heading--default\"><div class=\"et_pb_heading_container\"><h2 class=\"et_pb_module_header\">Electronic Dental Units<\/h2><\/div><\/div>\n<\/div><div class=\"et_pb_column_6 et_pb_column et_grid_column et_pb_css_mix_blend_mode_passthrough\" data-loop-item=\"5\">\n<div class=\"et_pb_image_5 et_pb_image et_pb_module et_grid_module\"><a href=\"https:\/\/localseomedia.com\/en\/project\/cavitron-varios-560-cleaner\/\" class=\"img-innova-grid\"><span class=\"et_pb_image_wrap\"><img loading=\"lazy\" decoding=\"async\" src=\"https:\/\/localseomedia.com\/en\/wp-content\/uploads\/sites\/5\/2026\/03\/Cavitron-Varios-560-teeth-Cleaner-device.jpg\" alt=\"Cavitron Varios 560 teeth Cleaner device\" title=\"Cavitron Varios 560 teeth Cleaner device\" width=\"541\" height=\"361\" srcset=\"https:\/\/localseomedia.com\/en\/wp-content\/uploads\/sites\/5\/2026\/03\/Cavitron-Varios-560-teeth-Cleaner-device.jpg 541w, https:\/\/localseomedia.com\/en\/wp-content\/uploads\/sites\/5\/2026\/03\/Cavitron-Varios-560-teeth-Cleaner-device-480x320.jpg 480w\" sizes=\"(min-width: 0px) and (max-width: 480px) 480px, (min-width: 481px) 541px, 100vw\" class=\"wp-image-785333 img-innova-grid\" \/><\/span><\/a><\/div>\n\n<div class=\"et_pb_heading_5 et_pb_heading et_clickable et_pb_module et_flex_module preset--module--divi-heading--default\"><div class=\"et_pb_heading_container\"><h2 class=\"et_pb_module_header\">Cavitron Varios 560 Cleaner<\/h2><\/div><\/div>\n<\/div><div class=\"et_pb_column_7 et_pb_column et_grid_column et_pb_css_mix_blend_mode_passthrough\" data-loop-item=\"6\">\n<div class=\"et_pb_image_6 et_pb_image et_pb_module et_grid_module\"><a href=\"https:\/\/localseomedia.com\/en\/project\/ultrasound-for-dental-cleaning-medellin\/\" class=\"img-innova-grid\"><span class=\"et_pb_image_wrap\"><img loading=\"lazy\" decoding=\"async\" src=\"https:\/\/localseomedia.com\/en\/wp-content\/uploads\/sites\/5\/2026\/03\/cavitron-Ultrasound-for-Dental-Cleaning.jpg\" alt=\"cavitron Ultrasound for Dental Cleaning\" title=\"cavitron Ultrasound for Dental Cleaning\" width=\"800\" height=\"533\" srcset=\"https:\/\/localseomedia.com\/en\/wp-content\/uploads\/sites\/5\/2026\/03\/cavitron-Ultrasound-for-Dental-Cleaning.jpg 800w, https:\/\/localseomedia.com\/en\/wp-content\/uploads\/sites\/5\/2026\/03\/cavitron-Ultrasound-for-Dental-Cleaning-480x320.jpg 480w\" sizes=\"(min-width: 0px) and (max-width: 480px) 480px, (min-width: 481px) 800px, 100vw\" class=\"wp-image-785326 img-innova-grid\" \/><\/span><\/a><\/div>\n\n<div class=\"et_pb_heading_6 et_pb_heading et_clickable et_pb_module et_flex_module preset--module--divi-heading--default\"><div class=\"et_pb_heading_container\"><h2 class=\"et_pb_module_header\">Ultrasound for Dental Cleaning<\/h2><\/div><\/div>\n<\/div><div class=\"et_pb_column_8 et_pb_column et_grid_column et_pb_css_mix_blend_mode_passthrough\" data-loop-item=\"7\">\n<div class=\"et_pb_image_7 et_pb_image et_pb_module et_grid_module\"><a href=\"https:\/\/localseomedia.com\/en\/project\/high-speed-with-noise-reduction\/\" class=\"img-innova-grid\"><span class=\"et_pb_image_wrap\"><img loading=\"lazy\" decoding=\"async\" src=\"https:\/\/localseomedia.com\/en\/wp-content\/uploads\/sites\/5\/2026\/03\/High-Speed-devices-with-noise-reduction.jpg\" alt=\"High Speed devices with noise reduction\" title=\"High Speed devices with noise reduction\" width=\"1023\" height=\"682\" srcset=\"https:\/\/localseomedia.com\/en\/wp-content\/uploads\/sites\/5\/2026\/03\/High-Speed-devices-with-noise-reduction.jpg 1023w, https:\/\/localseomedia.com\/en\/wp-content\/uploads\/sites\/5\/2026\/03\/High-Speed-devices-with-noise-reduction-980x653.jpg 980w, https:\/\/localseomedia.com\/en\/wp-content\/uploads\/sites\/5\/2026\/03\/High-Speed-devices-with-noise-reduction-480x320.jpg 480w\" sizes=\"(min-width: 0px) and (max-width: 480px) 480px, (min-width: 481px) and (max-width: 980px) 980px, (min-width: 981px) 1023px, 100vw\" class=\"wp-image-785319 img-innova-grid\" \/><\/span><\/a><\/div>\n\n<div class=\"et_pb_heading_7 et_pb_heading et_clickable et_pb_module et_flex_module preset--module--divi-heading--default\"><div class=\"et_pb_heading_container\"><h2 class=\"et_pb_module_header\">High Speed with noise reduction<\/h2><\/div><\/div>\n<\/div><div class=\"et_pb_column_9 et_pb_column et_grid_column et_pb_css_mix_blend_mode_passthrough\" data-loop-item=\"8\">\n<div class=\"et_pb_image_8 et_pb_image et_pb_module et_grid_module\"><a href=\"https:\/\/localseomedia.com\/en\/project\/endodontic-apex-locator-endodontics-medellin\/\" class=\"img-innova-grid\"><span class=\"et_pb_image_wrap\"><img loading=\"lazy\" decoding=\"async\" src=\"https:\/\/localseomedia.com\/en\/wp-content\/uploads\/sites\/5\/2026\/03\/Endodontic-Apex-Locator-equipment.jpg\" alt=\"Endodontic Apex Locator equipment\" title=\"Endodontic Apex Locator equipment\" width=\"770\" height=\"561\" srcset=\"https:\/\/localseomedia.com\/en\/wp-content\/uploads\/sites\/5\/2026\/03\/Endodontic-Apex-Locator-equipment.jpg 770w, https:\/\/localseomedia.com\/en\/wp-content\/uploads\/sites\/5\/2026\/03\/Endodontic-Apex-Locator-equipment-480x350.jpg 480w\" sizes=\"(min-width: 0px) and (max-width: 480px) 480px, (min-width: 481px) 770px, 100vw\" class=\"wp-image-785312 img-innova-grid\" \/><\/span><\/a><\/div>\n\n<div class=\"et_pb_heading_8 et_pb_heading et_clickable et_pb_module et_flex_module preset--module--divi-heading--default\"><div class=\"et_pb_heading_container\"><h2 class=\"et_pb_module_header\">Endodontic Apex Locator<\/h2><\/div><\/div>\n<\/div><div class=\"et_pb_column_10 et_pb_column et_grid_column et_pb_css_mix_blend_mode_passthrough\" data-loop-item=\"9\">\n<div class=\"et_pb_image_9 et_pb_image et_pb_module et_grid_module\"><a href=\"https:\/\/localseomedia.com\/en\/project\/sterilization-equipment-dental-prosthesis-medellin\/\" class=\"img-innova-grid\"><span class=\"et_pb_image_wrap\"><img loading=\"lazy\" decoding=\"async\" src=\"https:\/\/localseomedia.com\/en\/wp-content\/uploads\/sites\/5\/2013\/12\/dentistry-sterilization-autoclave-colombia-medellin-2.jpg\" alt=\"dentistry-sterilization-autoclave-colombia-medellin\" title=\"dentistry-sterilization-autoclave-colombia-medellin-2\" width=\"800\" height=\"533\" srcset=\"https:\/\/localseomedia.com\/en\/wp-content\/uploads\/sites\/5\/2013\/12\/dentistry-sterilization-autoclave-colombia-medellin-2.jpg 800w, https:\/\/localseomedia.com\/en\/wp-content\/uploads\/sites\/5\/2013\/12\/dentistry-sterilization-autoclave-colombia-medellin-2-300x200.jpg 300w, https:\/\/localseomedia.com\/en\/wp-content\/uploads\/sites\/5\/2013\/12\/dentistry-sterilization-autoclave-colombia-medellin-2-768x512.jpg 768w\" sizes=\"(max-width: 800px) 100vw, 800px\" class=\"wp-image-8757 img-innova-grid\" \/><\/span><\/a><\/div>\n\n<div class=\"et_pb_heading_9 et_pb_heading et_clickable et_pb_module et_flex_module preset--module--divi-heading--default\"><div class=\"et_pb_heading_container\"><h2 class=\"et_pb_module_header\">Sterilization Equipment<\/h2><\/div><\/div>\n<\/div><div class=\"et_pb_column_11 et_pb_column et_grid_column et_pb_css_mix_blend_mode_passthrough\" data-loop-item=\"10\">\n<div class=\"et_pb_image_10 et_pb_image et_pb_module et_grid_module\"><a href=\"https:\/\/localseomedia.com\/en\/project\/valo-curing-lamp-amalgams-medellin\/\" class=\"img-innova-grid\"><span class=\"et_pb_image_wrap\"><img loading=\"lazy\" decoding=\"async\" src=\"https:\/\/localseomedia.com\/en\/wp-content\/uploads\/sites\/5\/2026\/03\/Ultradent-Valo-amalgam-removing-curing-lamp.jpg\" alt=\"Ultradent Valo amalgam removing curing lamp\" title=\"Ultradent Valo amalgam removing curing lamp\" width=\"770\" height=\"513\" srcset=\"https:\/\/localseomedia.com\/en\/wp-content\/uploads\/sites\/5\/2026\/03\/Ultradent-Valo-amalgam-removing-curing-lamp.jpg 770w, https:\/\/localseomedia.com\/en\/wp-content\/uploads\/sites\/5\/2026\/03\/Ultradent-Valo-amalgam-removing-curing-lamp-480x320.jpg 480w\" sizes=\"(min-width: 0px) and (max-width: 480px) 480px, (min-width: 481px) 770px, 100vw\" class=\"wp-image-785291 img-innova-grid\" \/><\/span><\/a><\/div>\n\n<div class=\"et_pb_heading_10 et_pb_heading et_clickable et_pb_module et_flex_module preset--module--divi-heading--default\"><div class=\"et_pb_heading_container\"><h2 class=\"et_pb_module_header\">Valo curing lamp - Ultradent<\/h2><\/div><\/div>\n<\/div><div class=\"et_pb_column_12 et_pb_column et_grid_column et_pb_css_mix_blend_mode_passthrough\" data-loop-item=\"11\">\n<div class=\"et_pb_image_11 et_pb_image et_pb_module et_grid_module\"><a href=\"https:\/\/localseomedia.com\/en\/project\/elipar-3m-espe-lamp-medellin\/\" class=\"img-innova-grid\"><span class=\"et_pb_image_wrap\"><img loading=\"lazy\" decoding=\"async\" src=\"https:\/\/localseomedia.com\/en\/wp-content\/uploads\/sites\/5\/2026\/03\/Elipar-3M-ESPE-curing-lamp.jpg\" alt=\"Elipar-3M ESPE curing lamp\" title=\"Elipar-3M ESPE curing lamp\" width=\"770\" height=\"513\" srcset=\"https:\/\/localseomedia.com\/en\/wp-content\/uploads\/sites\/5\/2026\/03\/Elipar-3M-ESPE-curing-lamp.jpg 770w, https:\/\/localseomedia.com\/en\/wp-content\/uploads\/sites\/5\/2026\/03\/Elipar-3M-ESPE-curing-lamp-480x320.jpg 480w\" sizes=\"(min-width: 0px) and (max-width: 480px) 480px, (min-width: 481px) 770px, 100vw\" class=\"wp-image-785284 img-innova-grid\" \/><\/span><\/a><\/div>\n\n<div class=\"et_pb_heading_11 et_pb_heading et_clickable et_pb_module et_flex_module preset--module--divi-heading--default\"><div class=\"et_pb_heading_container\"><h2 class=\"et_pb_module_header\">Elipar 3M ESPE Lamp<\/h2><\/div><\/div>\n<\/div><div class=\"et_pb_column_13 et_pb_column et_grid_column et_pb_css_mix_blend_mode_passthrough\" data-loop-item=\"12\">\n<div class=\"et_pb_image_12 et_pb_image et_pb_module et_grid_module\"><a href=\"https:\/\/localseomedia.com\/en\/project\/electrosurgery-endodontics-medellin\/\" class=\"img-innova-grid\"><span class=\"et_pb_image_wrap\"><img loading=\"lazy\" decoding=\"async\" src=\"https:\/\/localseomedia.com\/en\/wp-content\/uploads\/sites\/5\/2026\/03\/electrosurgery-unit-for-dental-surgery-in-orthodontics.jpg\" alt=\"electrosurgery unit for dental surgery in orthodontics\" title=\"electrosurgery unit for dental surgery in orthodontics\" width=\"990\" height=\"682\" srcset=\"https:\/\/localseomedia.com\/en\/wp-content\/uploads\/sites\/5\/2026\/03\/electrosurgery-unit-for-dental-surgery-in-orthodontics.jpg 990w, https:\/\/localseomedia.com\/en\/wp-content\/uploads\/sites\/5\/2026\/03\/electrosurgery-unit-for-dental-surgery-in-orthodontics-980x675.jpg 980w, https:\/\/localseomedia.com\/en\/wp-content\/uploads\/sites\/5\/2026\/03\/electrosurgery-unit-for-dental-surgery-in-orthodontics-480x331.jpg 480w\" sizes=\"(min-width: 0px) and (max-width: 480px) 480px, (min-width: 481px) and (max-width: 980px) 980px, (min-width: 981px) 990px, 100vw\" class=\"wp-image-785271 img-innova-grid\" \/><\/span><\/a><\/div>\n\n<div class=\"et_pb_heading_12 et_pb_heading et_clickable et_pb_module et_flex_module preset--module--divi-heading--default\"><div class=\"et_pb_heading_container\"><h2 class=\"et_pb_module_header\">Electrosurgery<\/h2><\/div><\/div>\n<\/div><div class=\"et_pb_column_14 et_pb_column et-last-child et_grid_column et_pb_css_mix_blend_mode_passthrough\" data-loop-item=\"13\">\n<div class=\"et_pb_image_13 et_pb_image et_pb_module et_grid_module\"><a href=\"https:\/\/localseomedia.com\/en\/project\/zoom-advanced-power-theet-whitening-medellin\/\" class=\"img-innova-grid\"><span class=\"et_pb_image_wrap\"><img loading=\"lazy\" decoding=\"async\" src=\"https:\/\/localseomedia.com\/en\/wp-content\/uploads\/sites\/5\/2012\/09\/blanqueamiento-dental-zoom-advanced-power-medellin-770x513b.jpg\" alt=\"Zoom Advanced Power : One of the best whitening system in the world\" title=\"Zoom Advanced Power : One of the best whitening system in the world\" width=\"770\" height=\"513\" srcset=\"https:\/\/localseomedia.com\/en\/wp-content\/uploads\/sites\/5\/2012\/09\/blanqueamiento-dental-zoom-advanced-power-medellin-770x513b.jpg 770w, https:\/\/localseomedia.com\/en\/wp-content\/uploads\/sites\/5\/2012\/09\/blanqueamiento-dental-zoom-advanced-power-medellin-770x513b-300x199.jpg 300w\" sizes=\"(max-width: 770px) 100vw, 770px\" class=\"wp-image-5870 img-innova-grid\" \/><\/span><\/a><\/div>\n\n<div class=\"et_pb_heading_13 et_pb_heading et_clickable et_pb_module et_flex_module preset--module--divi-heading--default\"><div class=\"et_pb_heading_container\"><h2 class=\"et_pb_module_header\">Zoom Advanced Power<\/h2><\/div><\/div>\n<\/div><\/div>\n<\/div>","protected":false},"excerpt":{"rendered":"","protected":false},"author":1,"featured_media":0,"parent":0,"menu_order":0,"comment_status":"open","ping_status":"open","template":"","meta":{"_seopress_robots_primary_cat":"","_seopress_titles_title":"","_seopress_titles_desc":"","_seopress_robots_index":"","footnotes":""},"class_list":["post-109","page","type-page","status-publish","hentry"],"_links":{"self":[{"href":"https:\/\/localseomedia.com\/en\/wp-json\/wp\/v2\/pages\/109","targetHints":{"allow":["GET"]}}],"collection":[{"href":"https:\/\/localseomedia.com\/en\/wp-json\/wp\/v2\/pages"}],"about":[{"href":"https:\/\/localseomedia.com\/en\/wp-json\/wp\/v2\/types\/page"}],"author":[{"embeddable":true,"href":"https:\/\/localseomedia.com\/en\/wp-json\/wp\/v2\/users\/1"}],"replies":[{"embeddable":true,"href":"https:\/\/localseomedia.com\/en\/wp-json\/wp\/v2\/comments?post=109"}],"version-history":[{"count":0,"href":"https:\/\/localseomedia.com\/en\/wp-json\/wp\/v2\/pages\/109\/revisions"}],"wp:attachment":[{"href":"https:\/\/localseomedia.com\/en\/wp-json\/wp\/v2\/media?parent=109"}],"curies":[{"name":"wp","href":"https:\/\/api.w.org\/{rel}","templated":true}]}}