{"id":6083,"date":"2014-01-30T13:54:43","date_gmt":"2014-01-30T13:54:43","guid":{"rendered":"http:\/\/localseomedia.com\/?page_id=6083"},"modified":"2026-03-25T14:05:43","modified_gmt":"2026-03-25T19:05:43","slug":"cosmetic-dentistry-clinic-news","status":"publish","type":"page","link":"https:\/\/localseomedia.com\/en\/cosmetic-dentistry-clinic-news\/","title":{"rendered":"News"},"content":{"rendered":"<div class=\"et_pb_section_1 et_pb_section et_section_regular et_block_section preset--module--divi-section--default\">\n<div class=\"et_pb_row_1 et_pb_row et_block_row preset--module--divi-row--default\">\n<div class=\"et_pb_column_1 et_pb_column et_pb_column_4_4 et-last-child et_block_column et_pb_css_mix_blend_mode_passthrough\">\n<div class=\"et_pb_heading_0 et_pb_heading et_pb_module et_flex_module preset--module--divi-heading--default\"><div class=\"et_pb_heading_container\"><h3 class=\"et_pb_module_header\">News<\/h3><\/div><\/div>\n<\/div>\n<\/div>\n\n<div class=\"et_pb_row_2 et_pb_row et_grid_row preset--module--divi-row--default\"><div class=\"et_pb_column_2 et_pb_column et_flex_column et_pb_css_mix_blend_mode_passthrough preset--group--divi-column--divi-border--8qax5fzp0p\" data-loop-item=\"0\">\n<div class=\"et_pb_image_0 et_pb_image et_pb_image_sticky et_pb_module et_flex_module\"><a href=\"https:\/\/localseomedia.com\/en\/2026\/03\/welcome-to-our-website\/\" class=\"img-noticias\"><span class=\"et_pb_image_wrap\"><img loading=\"lazy\" decoding=\"async\" src=\"https:\/\/localseomedia.com\/en\/wp-content\/uploads\/sites\/5\/2014\/03\/clinica-dental-home-medellin-600.jpg\" alt=\"clinica-dental-home-medellin\" title=\"clinica-dental-home-medellin-600\" width=\"600\" height=\"398\" srcset=\"https:\/\/localseomedia.com\/en\/wp-content\/uploads\/sites\/5\/2014\/03\/clinica-dental-home-medellin-600.jpg 600w, https:\/\/localseomedia.com\/en\/wp-content\/uploads\/sites\/5\/2014\/03\/clinica-dental-home-medellin-600-300x199.jpg 300w\" sizes=\"(max-width: 600px) 100vw, 600px\" class=\"wp-image-6144 img-noticias\" \/><\/span><\/a><\/div>\n\n<div class=\"et_pb_row_3 et_pb_row et_pb_row_nested et_flex_row preset--module--divi-row--default\">\n<div class=\"et_pb_column_3 et_pb_column et_flex_column et_pb_css_mix_blend_mode_passthrough et_flex_column_24_24 et_flex_column_24_24_tablet et_flex_column_24_24_phone et_flex_column_24_24_phoneWide\">\n<div class=\"et_pb_blurb_0 et_pb_blurb et_pb_bg_layout_dark et_pb_blurb_position_left et_pb_module et_flex_module\"><div class=\"et_pb_blurb_content et_flex_module\"><div class=\"et_pb_main_blurb_image\"><span class=\"et_pb_image_wrap\"><span class=\"et-pb-icon et-waypoint et_pb_animation_top et_pb_animation_top_tablet et_pb_animation_top_phone\">\uf073<\/span><\/span><\/div><div class=\"et_pb_blurb_container\"><div class=\"et_pb_blurb_description\"><p>24 Mar, 2026<\/p>\n<\/div><\/div><\/div><\/div>\n\n<div class=\"et_pb_group_0 et_pb_group et-last-child et_pb_module et_flex_group et_pb_css_mix_blend_mode_passthrough\">\n<div class=\"et_pb_heading_1 et_pb_heading et_clickable et_pb_module et_flex_module preset--module--divi-heading--default\"><div class=\"et_pb_heading_container\"><h2 class=\"et_pb_module_header\">Welcome to our website<\/h2><\/div><\/div>\n<\/div>\n<\/div>\n\n<div class=\"et_pb_column_4 et_pb_column et-last-child et_flex_column et_pb_css_mix_blend_mode_passthrough et_flex_column_24_24 et_flex_column_24_24_tablet et_flex_column_24_24_phone et_flex_column_24_24_phoneWide\">\n<div class=\"et_pb_text_1 et_pb_text et_pb_bg_layout_light et_pb_module et_flex_module preset--module--divi-text--default\"><div class=\"et_pb_text_inner\"><p><b>Por: <\/b>Clinica Dental Home Medell\u00edn<\/p>\n<\/div><\/div>\n<\/div>\n<\/div>\n\n<div class=\"et_pb_text_2 et_pb_text et_pb_bg_layout_light et_pb_module et_flex_module excerpt-text preset--module--divi-text--default\"><div class=\"et_pb_text_inner\"><p>We are pleased to present the new website for Home Dental Clinic. A space where our users will be the protagonists, where they can share their stories and find advice [&hellip;] <a href=\"https:\/\/localseomedia.com\/en\/2026\/03\/welcome-to-our-website\/\">Read more<\/a><\/p>\n<\/div><\/div>\n<\/div><div class=\"et_pb_column_5 et_pb_column et_flex_column et_pb_css_mix_blend_mode_passthrough preset--group--divi-column--divi-border--8qax5fzp0p\" data-loop-item=\"1\">\n<div class=\"et_pb_image_1 et_pb_image et_pb_image_sticky et_pb_module et_flex_module\"><a href=\"https:\/\/localseomedia.com\/en\/2015\/06\/visit-us-in-our-new-location\/\" class=\"img-noticias\"><span class=\"et_pb_image_wrap\"><img loading=\"lazy\" decoding=\"async\" src=\"https:\/\/localseomedia.com\/en\/wp-content\/uploads\/sites\/5\/2015\/06\/cambio-sede-dental-home-poblado.jpg\" title=\"cambio-sede-dental-home-poblado\" width=\"800\" height=\"802\" srcset=\"https:\/\/localseomedia.com\/en\/wp-content\/uploads\/sites\/5\/2015\/06\/cambio-sede-dental-home-poblado.jpg 800w, https:\/\/localseomedia.com\/en\/wp-content\/uploads\/sites\/5\/2015\/06\/cambio-sede-dental-home-poblado-300x300.jpg 300w, https:\/\/localseomedia.com\/en\/wp-content\/uploads\/sites\/5\/2015\/06\/cambio-sede-dental-home-poblado-150x150.jpg 150w, https:\/\/localseomedia.com\/en\/wp-content\/uploads\/sites\/5\/2015\/06\/cambio-sede-dental-home-poblado-768x770.jpg 768w\" sizes=\"(max-width: 800px) 100vw, 800px\" class=\"wp-image-211399 img-noticias\" \/><\/span><\/a><\/div>\n\n<div class=\"et_pb_row_4 et_pb_row et_pb_row_nested et_flex_row preset--module--divi-row--default\">\n<div class=\"et_pb_column_6 et_pb_column et_flex_column et_pb_css_mix_blend_mode_passthrough et_flex_column_24_24 et_flex_column_24_24_tablet et_flex_column_24_24_phone et_flex_column_24_24_phoneWide\">\n<div class=\"et_pb_blurb_1 et_pb_blurb et_pb_bg_layout_dark et_pb_blurb_position_left et_pb_module et_flex_module\"><div class=\"et_pb_blurb_content et_flex_module\"><div class=\"et_pb_main_blurb_image\"><span class=\"et_pb_image_wrap\"><span class=\"et-pb-icon et-waypoint et_pb_animation_top et_pb_animation_top_tablet et_pb_animation_top_phone\">\uf073<\/span><\/span><\/div><div class=\"et_pb_blurb_container\"><div class=\"et_pb_blurb_description\"><p>9 Jun, 2015<\/p>\n<\/div><\/div><\/div><\/div>\n\n<div class=\"et_pb_group_1 et_pb_group et-last-child et_pb_module et_flex_group et_pb_css_mix_blend_mode_passthrough\">\n<div class=\"et_pb_heading_2 et_pb_heading et_clickable et_pb_module et_flex_module preset--module--divi-heading--default\"><div class=\"et_pb_heading_container\"><h2 class=\"et_pb_module_header\">Visit us in our new location<\/h2><\/div><\/div>\n<\/div>\n<\/div>\n\n<div class=\"et_pb_column_7 et_pb_column et-last-child et_flex_column et_pb_css_mix_blend_mode_passthrough et_flex_column_24_24 et_flex_column_24_24_tablet et_flex_column_24_24_phone et_flex_column_24_24_phoneWide\">\n<div class=\"et_pb_text_3 et_pb_text et_pb_bg_layout_light et_pb_module et_flex_module preset--module--divi-text--default\"><div class=\"et_pb_text_inner\"><p><b>Por: <\/b>Clinica Dental Home Medell\u00edn<\/p>\n<\/div><\/div>\n<\/div>\n<\/div>\n\n<div class=\"et_pb_text_4 et_pb_text et_pb_bg_layout_light et_pb_module et_flex_module excerpt-text preset--module--divi-text--default\"><div class=\"et_pb_text_inner\"><p>We changed our Cl\u00ednica Dental Home Poblado location, now you can visit us on Calle 7 39-107, consultorio 1215 , torre Medical, (Street 7 number 39-107, Interior 1215. Medical Tower) [&hellip;] <a href=\"https:\/\/localseomedia.com\/en\/2015\/06\/visit-us-in-our-new-location\/\">Read more<\/a><\/p>\n<\/div><\/div>\n<\/div><div class=\"et_pb_column_8 et_pb_column et-last-child et_flex_column et_pb_css_mix_blend_mode_passthrough preset--group--divi-column--divi-border--8qax5fzp0p\" data-loop-item=\"2\">\n<div class=\"et_pb_image_2 et_pb_image et_pb_image_sticky et_pb_module et_flex_module\"><a href=\"https:\/\/localseomedia.com\/en\/2014\/06\/proteje-tus-dientes-de-los-alimentos-acidos\/\" class=\"img-noticias\"><span class=\"et_pb_image_wrap\"><img loading=\"lazy\" decoding=\"async\" src=\"https:\/\/localseomedia.com\/en\/wp-content\/uploads\/sites\/5\/2014\/06\/el-limon-dana-los-dientes.jpg\" title=\"el-limon-dana-los-dientes\" width=\"500\" height=\"333\" srcset=\"https:\/\/localseomedia.com\/en\/wp-content\/uploads\/sites\/5\/2014\/06\/el-limon-dana-los-dientes.jpg 500w, https:\/\/localseomedia.com\/en\/wp-content\/uploads\/sites\/5\/2014\/06\/el-limon-dana-los-dientes-300x199.jpg 300w\" sizes=\"(max-width: 500px) 100vw, 500px\" class=\"wp-image-7561 img-noticias\" \/><\/span><\/a><\/div>\n\n<div class=\"et_pb_row_5 et_pb_row et_pb_row_nested et_flex_row preset--module--divi-row--default\">\n<div class=\"et_pb_column_9 et_pb_column et_flex_column et_pb_css_mix_blend_mode_passthrough et_flex_column_24_24 et_flex_column_24_24_tablet et_flex_column_24_24_phone et_flex_column_24_24_phoneWide\">\n<div class=\"et_pb_blurb_2 et_pb_blurb et_pb_bg_layout_dark et_pb_blurb_position_left et_pb_module et_flex_module\"><div class=\"et_pb_blurb_content et_flex_module\"><div class=\"et_pb_main_blurb_image\"><span class=\"et_pb_image_wrap\"><span class=\"et-pb-icon et-waypoint et_pb_animation_top et_pb_animation_top_tablet et_pb_animation_top_phone\">\uf073<\/span><\/span><\/div><div class=\"et_pb_blurb_container\"><div class=\"et_pb_blurb_description\"><p>3 Jun, 2014<\/p>\n<\/div><\/div><\/div><\/div>\n\n<div class=\"et_pb_group_2 et_pb_group et-last-child et_pb_module et_flex_group et_pb_css_mix_blend_mode_passthrough\">\n<div class=\"et_pb_heading_3 et_pb_heading et_clickable et_pb_module et_flex_module preset--module--divi-heading--default\"><div class=\"et_pb_heading_container\"><h2 class=\"et_pb_module_header\">Proteje tus dientes de los alimentos \u00e1cidos<\/h2><\/div><\/div>\n<\/div>\n<\/div>\n\n<div class=\"et_pb_column_10 et_pb_column et-last-child et_flex_column et_pb_css_mix_blend_mode_passthrough et_flex_column_24_24 et_flex_column_24_24_tablet et_flex_column_24_24_phone et_flex_column_24_24_phoneWide\">\n<div class=\"et_pb_text_5 et_pb_text et_pb_bg_layout_light et_pb_module et_flex_module preset--module--divi-text--default\"><div class=\"et_pb_text_inner\"><p><b>Por: <\/b>Clinica Dental Home Medell\u00edn<\/p>\n<\/div><\/div>\n<\/div>\n<\/div>\n\n<div class=\"et_pb_text_6 et_pb_text et_pb_bg_layout_light et_pb_module et_flex_module excerpt-text preset--module--divi-text--default\"><div class=\"et_pb_text_inner\"><p>\u00bfC\u00f3mo nos podemos proteger al momento de comer un alimento \u00e1cido? Los alimentos \u00e1cidos como c\u00edtricos, algunas frutas verdes y vinagres se deben evitar, o al menos ingerirlos con poca [&hellip;] <a href=\"https:\/\/localseomedia.com\/en\/2014\/06\/proteje-tus-dientes-de-los-alimentos-acidos\/\">Read more<\/a><\/p>\n<\/div><\/div>\n<\/div><\/div>\n<\/div>","protected":false},"excerpt":{"rendered":"","protected":false},"author":1,"featured_media":0,"parent":0,"menu_order":0,"comment_status":"open","ping_status":"open","template":"","meta":{"_seopress_robots_primary_cat":"","_seopress_titles_title":"","_seopress_titles_desc":"","_seopress_robots_index":"","footnotes":""},"class_list":["post-6083","page","type-page","status-publish","hentry"],"_links":{"self":[{"href":"https:\/\/localseomedia.com\/en\/wp-json\/wp\/v2\/pages\/6083","targetHints":{"allow":["GET"]}}],"collection":[{"href":"https:\/\/localseomedia.com\/en\/wp-json\/wp\/v2\/pages"}],"about":[{"href":"https:\/\/localseomedia.com\/en\/wp-json\/wp\/v2\/types\/page"}],"author":[{"embeddable":true,"href":"https:\/\/localseomedia.com\/en\/wp-json\/wp\/v2\/users\/1"}],"replies":[{"embeddable":true,"href":"https:\/\/localseomedia.com\/en\/wp-json\/wp\/v2\/comments?post=6083"}],"version-history":[{"count":0,"href":"https:\/\/localseomedia.com\/en\/wp-json\/wp\/v2\/pages\/6083\/revisions"}],"wp:attachment":[{"href":"https:\/\/localseomedia.com\/en\/wp-json\/wp\/v2\/media?parent=6083"}],"curies":[{"name":"wp","href":"https:\/\/api.w.org\/{rel}","templated":true}]}}