{"id":8790,"date":"2017-02-16T10:35:59","date_gmt":"2017-02-16T15:35:59","guid":{"rendered":"http:\/\/localseomedia.com\/en\/?page_id=8790"},"modified":"2025-08-03T22:03:29","modified_gmt":"2025-08-04T03:03:29","slug":"clausula-de-consentimiento-web-eng","status":"publish","type":"page","link":"https:\/\/localseomedia.com\/en\/clausula-de-consentimiento-web-eng\/","title":{"rendered":"Cl\u00e1usula de consentimiento web"},"content":{"rendered":"<p>[vc_row][vc_column][vc_separator color=&#8221;sky&#8221; border_width=&#8221;3&#8243;][vc_column_text]<\/p>\n<h2 style=\"text-align: justify;\"><strong>CL\u00c1USULA DE CONSENTIMIENTO WEB<\/strong><\/h2>\n<p style=\"text-align: justify;\">De acuerdo con la Ley Estatutaria 1581 de 2012 de Protecci\u00f3n de Datos y con el Decreto 1377 de 2013, se informa al usuario que los datos consignados en el presente formulario ser\u00e1n incorporados en una base de datos responsabilidad de DENTAL HOME S.A.S., siendo tratados con la finalidad de: Gesti\u00f3n de clientes, Gesti\u00f3n administrativa, Prospecci\u00f3n comercial, Fidelizaci\u00f3n de clientes, Marketing y \u00e9l env\u00edo de comunicaciones comerciales sobre nuestros productos y\/o servicios.<\/p>\n<p>Usted puede ejercitar los derechos de acceso, correcci\u00f3n, supresi\u00f3n, revocaci\u00f3n o reclamo por infracci\u00f3n sobre los datos, mediante escrito dirigido a DENTAL HOME S.A.S. a la direcci\u00f3n de correo electr\u00f3nico <a href=\"mailto:info@clinicadentalhome.net\">info@clinicadentalhome.net<\/a>, indicando en el asunto el derecho que desea ejercitar, o mediante correo ordinario remitido a la direcci\u00f3n: Diagonal 66 B # 34\u00aa\u201376. Consultorio 401 Centro Comercial Unicentro, Medell\u00edn, Antioquia.[\/vc_column_text][\/vc_column][\/vc_row]<\/p>\n","protected":false},"excerpt":{"rendered":"<p>[vc_row][vc_column][vc_separator color=&#8221;sky&#8221; border_width=&#8221;3&#8243;][vc_column_text] CL\u00c1USULA DE CONSENTIMIENTO WEB De acuerdo con la Ley Estatutaria 1581 de 2012 de Protecci\u00f3n de Datos y con el Decreto 1377 de 2013, se informa al usuario que los datos consignados en el presente formulario ser\u00e1n incorporados en una base de datos responsabilidad de DENTAL HOME S.A.S., siendo tratados con la [&hellip;]<\/p>\n","protected":false},"author":1,"featured_media":0,"parent":0,"menu_order":0,"comment_status":"closed","ping_status":"closed","template":"","meta":{"_seopress_robots_primary_cat":"","_seopress_titles_title":"","_seopress_titles_desc":"","_seopress_robots_index":"","footnotes":""},"class_list":["post-8790","page","type-page","status-publish","hentry"],"_links":{"self":[{"href":"https:\/\/localseomedia.com\/en\/wp-json\/wp\/v2\/pages\/8790","targetHints":{"allow":["GET"]}}],"collection":[{"href":"https:\/\/localseomedia.com\/en\/wp-json\/wp\/v2\/pages"}],"about":[{"href":"https:\/\/localseomedia.com\/en\/wp-json\/wp\/v2\/types\/page"}],"author":[{"embeddable":true,"href":"https:\/\/localseomedia.com\/en\/wp-json\/wp\/v2\/users\/1"}],"replies":[{"embeddable":true,"href":"https:\/\/localseomedia.com\/en\/wp-json\/wp\/v2\/comments?post=8790"}],"version-history":[{"count":0,"href":"https:\/\/localseomedia.com\/en\/wp-json\/wp\/v2\/pages\/8790\/revisions"}],"wp:attachment":[{"href":"https:\/\/localseomedia.com\/en\/wp-json\/wp\/v2\/media?parent=8790"}],"curies":[{"name":"wp","href":"https:\/\/api.w.org\/{rel}","templated":true}]}}